{"id":12,"date":"2018-05-03T06:49:35","date_gmt":"2018-05-03T06:49:35","guid":{"rendered":"http:\/\/localhost\/wordpress\/?page_id=12"},"modified":"2020-03-22T16:49:12","modified_gmt":"2020-03-22T15:49:12","slug":"sciences","status":"publish","type":"page","link":"https:\/\/www.jacques-rougemont.ch\/?page_id=12","title":{"rendered":"Science-fr"},"content":{"rendered":"\n<p>Je suis membre du <a rel=\"noreferrer noopener\" aria-label=\" (opens in a new tab)\" href=\"https:\/\/www.unige.ch\/sciences\/physique\/theorique\/fr\/\" target=\"_blank\">D\u00e9partement de Physique Th\u00e9orique<\/a> de l&#8217;<a rel=\"noreferrer noopener\" aria-label=\" (opens in a new tab)\" href=\"https:\/\/www.unige.ch\/\" target=\"_blank\">Universit\u00e9 de Gen\u00e8ve<\/a> ainsi que charg\u00e9 de cours \u00e0 la <a rel=\"noreferrer noopener\" aria-label=\" (opens in a new tab)\" href=\"https:\/\/www.epfl.ch\/schools\/sv\/fr\/science-de-la-vie\/\" target=\"_blank\">Facult\u00e9 des Sciences de la Vie<\/a> de l&#8217;<a rel=\"noreferrer noopener\" aria-label=\" (opens in a new tab)\" href=\"https:\/\/www.epfl.ch\/fr\/\" target=\"_blank\">EPFL<\/a>. <\/p>\n\n\n\n<p>Mes recherches portent sur la physique math\u00e9matique, la bioinformatique et la g\u00e9nomique.<\/p>\n\n\n<ul>\n<li><a href=\"http:\/\/www.jacques-rougemont.ch\/?page_id=48\">Publications<\/a><\/li>\n<li>Cours<\/li>\n<li>Logiciels<\/li>\n<\/ul>\n\n\n\n","protected":false},"excerpt":{"rendered":"<p>Je suis membre du D\u00e9partement de Physique Th\u00e9orique de l&#8217;Universit\u00e9 de Gen\u00e8ve ainsi que charg\u00e9 de cours \u00e0 la Facult\u00e9 des Sciences de la Vie de l&#8217;EPFL. Mes recherches portent sur la physique math\u00e9matique, la bioinformatique et la g\u00e9nomique. Publications Cours Logiciels<\/p>\n","protected":false},"author":1,"featured_media":0,"parent":0,"menu_order":0,"comment_status":"closed","ping_status":"closed","template":"","meta":[],"_links":{"self":[{"href":"https:\/\/www.jacques-rougemont.ch\/index.php?rest_route=\/wp\/v2\/pages\/12"}],"collection":[{"href":"https:\/\/www.jacques-rougemont.ch\/index.php?rest_route=\/wp\/v2\/pages"}],"about":[{"href":"https:\/\/www.jacques-rougemont.ch\/index.php?rest_route=\/wp\/v2\/types\/page"}],"author":[{"embeddable":true,"href":"https:\/\/www.jacques-rougemont.ch\/index.php?rest_route=\/wp\/v2\/users\/1"}],"replies":[{"embeddable":true,"href":"https:\/\/www.jacques-rougemont.ch\/index.php?rest_route=%2Fwp%2Fv2%2Fcomments&post=12"}],"version-history":[{"count":12,"href":"https:\/\/www.jacques-rougemont.ch\/index.php?rest_route=\/wp\/v2\/pages\/12\/revisions"}],"predecessor-version":[{"id":229,"href":"https:\/\/www.jacques-rougemont.ch\/index.php?rest_route=\/wp\/v2\/pages\/12\/revisions\/229"}],"wp:attachment":[{"href":"https:\/\/www.jacques-rougemont.ch\/index.php?rest_route=%2Fwp%2Fv2%2Fmedia&parent=12"}],"curies":[{"name":"wp","href":"https:\/\/api.w.org\/{rel}","templated":true}]}}