{"id":201,"date":"2020-03-20T12:00:36","date_gmt":"2020-03-20T11:00:36","guid":{"rendered":"http:\/\/www.jacques-rougemont.ch\/?page_id=201"},"modified":"2024-04-30T08:07:15","modified_gmt":"2024-04-30T06:07:15","slug":"assoc-fr","status":"publish","type":"page","link":"https:\/\/www.jacques-rougemont.ch\/?page_id=201","title":{"rendered":"Assoc-fr"},"content":{"rendered":"\n<h1>Associations musicales<\/h1>\n\n\n\n<p>Je suis membre actif des associations suivantes:<\/p>\n\n\n\n<ul><li><a href=\"http:\/\/www.cambristi-lemani.ch\">Cambristi Lemani<\/a>: r\u00e9seau r\u00e9gional de musique de chambre<\/li><li><a href=\"http:\/\/www.sinfoniettageneve.ch\">La Sinfonietta de Gen\u00e8ve<\/a>: orchestre de chambre \u00e0 Gen\u00e8ve (membre du comit\u00e9)<\/li><li><a href=\"https:\/\/amamusique.ch\/\">L&#8217;AMAA<\/a>: association pour les musiciens adultes amateurs<\/li><\/ul>\n","protected":false},"excerpt":{"rendered":"<p>Associations musicales Je suis membre actif des associations suivantes: Cambristi Lemani: r\u00e9seau r\u00e9gional de musique de chambre La Sinfonietta de Gen\u00e8ve: orchestre de chambre \u00e0 Gen\u00e8ve (membre du comit\u00e9) L&#8217;AMAA: association pour les musiciens adultes amateurs<\/p>\n","protected":false},"author":1,"featured_media":0,"parent":17,"menu_order":0,"comment_status":"closed","ping_status":"closed","template":"","meta":[],"_links":{"self":[{"href":"https:\/\/www.jacques-rougemont.ch\/index.php?rest_route=\/wp\/v2\/pages\/201"}],"collection":[{"href":"https:\/\/www.jacques-rougemont.ch\/index.php?rest_route=\/wp\/v2\/pages"}],"about":[{"href":"https:\/\/www.jacques-rougemont.ch\/index.php?rest_route=\/wp\/v2\/types\/page"}],"author":[{"embeddable":true,"href":"https:\/\/www.jacques-rougemont.ch\/index.php?rest_route=\/wp\/v2\/users\/1"}],"replies":[{"embeddable":true,"href":"https:\/\/www.jacques-rougemont.ch\/index.php?rest_route=%2Fwp%2Fv2%2Fcomments&post=201"}],"version-history":[{"count":3,"href":"https:\/\/www.jacques-rougemont.ch\/index.php?rest_route=\/wp\/v2\/pages\/201\/revisions"}],"predecessor-version":[{"id":725,"href":"https:\/\/www.jacques-rougemont.ch\/index.php?rest_route=\/wp\/v2\/pages\/201\/revisions\/725"}],"up":[{"embeddable":true,"href":"https:\/\/www.jacques-rougemont.ch\/index.php?rest_route=\/wp\/v2\/pages\/17"}],"wp:attachment":[{"href":"https:\/\/www.jacques-rougemont.ch\/index.php?rest_route=%2Fwp%2Fv2%2Fmedia&parent=201"}],"curies":[{"name":"wp","href":"https:\/\/api.w.org\/{rel}","templated":true}]}}