{"id":204,"date":"2020-03-20T12:04:54","date_gmt":"2020-03-20T11:04:54","guid":{"rendered":"http:\/\/www.jacques-rougemont.ch\/?page_id=204"},"modified":"2026-01-05T09:46:38","modified_gmt":"2026-01-05T08:46:38","slug":"repertoire-fr","status":"publish","type":"page","link":"https:\/\/www.jacques-rougemont.ch\/?page_id=204","title":{"rendered":"Repertoire-fr"},"content":{"rendered":"\n<h1>R\u00e9pertoire<\/h1>\n\n\n\n<p>Voici les oeuvres que j&#8217;ai d\u00e9j\u00e0 jou\u00e9es en public, avec le contexte: partie (si pertinent), orchestre\/ensemble et ann\u00e9e. Abbr\u00e9viations: Cl1\/2: 1\u00e8re\/2\u00e8me clarinette, CdB: cor de basset, CB: clarinette basse; Unige: <a rel=\"noreferrer noopener\" href=\"https:\/\/www.unige.ch\/dife\/culture\/activites\/musique\/orchestre-de-luniversite\" target=\"_blank\">Orchestre de l&#8217;Universit\u00e9 de Gen\u00e8ve<\/a>, OSG: <a rel=\"noreferrer noopener\" aria-label=\" (opens in a new tab)\" href=\"https:\/\/symph.ch\/\" target=\"_blank\">Orchestre Symphonique Genevois<\/a>, AMA: <a rel=\"noreferrer noopener\" href=\"https:\/\/amamusique.ch\/fr\/ensembles\/symphonique\" target=\"_blank\">Orchestre de l&#8217;AMAmusique<\/a>, OCV: <a rel=\"noreferrer noopener\" aria-label=\" (opens in a new tab)\" href=\"https:\/\/orchestre-versoix.ch\/\" target=\"_blank\">Orchestre de chambre de Versoix<\/a>, Sinfo: <a rel=\"noreferrer noopener\" aria-label=\" (opens in a new tab)\" href=\"http:\/\/www.sinfoniettageneve.ch\" target=\"_blank\">La Sinfonietta de Gen\u00e8ve<\/a>, CL: <a rel=\"noreferrer noopener\" aria-label=\" (opens in a new tab)\" href=\"https:\/\/www.cambristi-lemani.ch\/\" target=\"_blank\">Cambristi Lemani<\/a>, NbN: <a rel=\"noreferrer noopener\" aria-label=\" (opens in a new tab)\" href=\"https:\/\/notebynote.eu\/events-and-concerts\/notebynote-concerts\/\" target=\"_blank\">Note by note<\/a>, CPM: <a rel=\"noreferrer noopener\" aria-label=\" (opens in a new tab)\" href=\"https:\/\/cpmdt.ch\/\" target=\"_blank\">Conservatoire populaire de G<\/a><a href=\"https:\/\/cpmdt.ch\/\">en\u00e8ve<\/a>, OSR: <a href=\"https:\/\/www.osr.ch\/fr\/decouvrir\/losr-cest-vous\" target=\"_blank\" rel=\"noreferrer noopener\">l&#8217;OSR c&#8217;est vous!<\/a>.<\/p>\n\n\n\n<table id=\"repertoire\" class=\"tablesorter {sortlist: [[0,0],[1,0]]}\">\n<thead>\n<tr><th>Compositeur<\/th><th>Oeuvre<\/th><th class=\"sortless\">Concerts<\/th>\n<\/tr><\/thead>\n<tbody>\n<tr>\n<td>\ufeffB\u00e1rdos<\/td><td>Danses de la marie\u0301e <\/td><td>Cl1 Sinfo 20<\/td>\n<\/tr>\n<tr>\n<td>Bartok<\/td><td>Danses roumaines<\/td><td>Cl1 Sinfo 20<\/td>\n<\/tr>\n<tr>\n<td>Beethoven<\/td><td>Triple concerto<\/td><td>Cl2 OSG 98; Cl1 AMA 17<\/td>\n<\/tr>\n<tr>\n<td>Beethoven<\/td><td>Concerto pour piano no 4<\/td><td>Cl2 OSG 96<\/td>\n<\/tr>\n<tr>\n<td>Beethoven<\/td><td>Concerto pour piano no 3<\/td><td>Cl2 OSG 95<\/td>\n<\/tr>\n<tr>\n<td>Beethoven<\/td><td>Concerto pour violon<\/td><td>Cl2 OSG 95<\/td>\n<\/tr>\n<tr>\n<td>Beethoven<\/td><td>Coriolan<\/td><td>Cl1 AMA 17<\/td>\n<\/tr>\n<tr>\n<td>Beethoven<\/td><td>Egmont<\/td><td>Cl1 Sinfo 19<\/td>\n<\/tr>\n<tr>\n<td>Beethoven<\/td><td>Symphonie no 1<\/td><td>Cl1 Sinfo 24<\/td>\n<\/tr>\n<tr>\n<td>Beethoven<\/td><td>Symphonie no 2<\/td><td>Cl1 Sinfo 19<\/td>\n<\/tr>\n<tr>\n<td>Beethoven<\/td><td>Symphonie no 3<\/td><td>Cl2 OSG 95; Cl1 Sinfo 25<\/td>\n<\/tr>\n<tr>\n<td>Beethoven<\/td><td>Symphonie no 4<\/td><td>Cl2 OSG 94<\/td>\n<\/tr>\n<tr>\n<td>Beethoven<\/td><td>Symphonie no 5<\/td><td>Cl2 OSG 98; Cl1 Unige 13<\/td>\n<\/tr>\n<tr>\n<td>Beethoven<\/td><td>Symphonie no 6<\/td><td>Cl1 OCV 20<\/td>\n<\/tr>\n<tr>\n<td>Beethoven<\/td><td>Symphonie no 7<\/td><td>Cl1 Sinfo 24<\/td>\n<\/tr>\n<tr>\n<td>Beethoven<\/td><td>Trio op 11<\/td><td>CL 18<\/td>\n<\/tr>\n<tr>\n<td>Berlioz<\/td><td>Nuits d&#8217;\u00e9t\u00e9<\/td><td>Cl2 OSG 93; Cl1 Sinfo 18<\/td>\n<\/tr>\n<tr>\n<td>Bizet<\/td><td>Symphonie en ut<\/td><td>Cl1 Sinfo 24<\/td>\n<\/tr>\n<tr>\n<td>Bizet<\/td><td>L&#8217;arl\u00e9sienne<\/td><td>Cl2 OSG 93<\/td>\n<\/tr>\n<tr>\n<td>Bizet<\/td><td>Suites de Carmen no 1 et 2<\/td><td>Cl1 Sinfo 17<\/td>\n<\/tr>\n<tr>\n<td>Bizet<\/td><td>Carmen<\/td><td>Cl1 Sinfo 17<\/td>\n<\/tr>\n<tr>\n<td>Bloch<\/td><td>Baal Shem<\/td><td>Cl1 Unige 16<\/td>\n<\/tr>\n<tr>\n<td>Borodine<\/td><td>Dans les steppes d&#8217;asie centrale<\/td><td>Cl2 OSG 98<\/td>\n<\/tr>\n<tr>\n<td>Borodine<\/td><td>Danses polovtsiennes<\/td><td>Cl2 OSG 97<\/td>\n<\/tr>\n<tr>\n<td>Bottesini<\/td><td>Requiem<\/td><td>Cl1 AMA 15<\/td>\n<\/tr>\n<tr>\n<td>Brahms<\/td><td>Symphonie no 1<\/td><td>Cl1 AMA 24<\/td>\n<\/tr>\n<tr>\n<td>Brahms<\/td><td>Concerto pour violon<\/td><td>Cl2 OSG 98<\/td>\n<\/tr>\n<tr>\n<td>Brahms<\/td><td>Variations sur un th\u00e8me de Haydn<\/td><td>Cl2 OSG 98<\/td>\n<\/tr>\n<tr>\n<td>Brahms<\/td><td>Danse hongroise no 1<\/td><td>Cl2 OSG 95\/97<\/td>\n<\/tr>\n<tr>\n<td>Brahms<\/td><td>Danse hongroise no 2<\/td><td>Cl2 OSG 97<\/td>\n<\/tr>\n<tr>\n<td>Brahms<\/td><td>Ein Deutsches Requiem<\/td><td>Cl2 OSG 97; Cl1 Unige 15; Cl1 AMA 19<\/td>\n<\/tr>\n<tr>\n<td>Brahms<\/td><td>Ouverture tragique<\/td><td>Cl2 OSG 96<\/td>\n<\/tr>\n<tr>\n<td>Brahms<\/td><td>N\u00e4nie<\/td><td>Cl1 Unige 13<\/td>\n<\/tr>\n<tr>\n<td>Brahms<\/td><td>Schicksalslied<\/td><td>Cl2 Unige 13<\/td>\n<\/tr>\n<tr>\n<td>Brahms<\/td><td>Double concerto pour violon et violoncelle<\/td><td>Cl1 AMA 16<\/td>\n<\/tr>\n<tr>\n<td>Brahms<\/td><td>Trio op 114<\/td><td>CL 21<\/td>\n<\/tr>\n<tr>\n<td>Bruch <\/td><td>Concerto pour violon no 1<\/td><td>Cl1 AMA 18; Cl1 Sinfo 18\/23<\/td>\n<\/tr>\n<tr>\n<td>Chaminade<\/td><td>Concertino pour fl\u00fbte<\/td><td>Cl1 AMA 24<\/td>\n<\/tr>\n<tr>\n<td>Chausson<\/td><td>Poe\u0300me de l&#8217;amour et de la mer<\/td><td>Cl1 Sinfo 18<\/td>\n<\/tr>\n<tr>\n<td>Cherubini<\/td><td>Requiem<\/td><td>Cl1 Unige 16<\/td>\n<\/tr>\n<tr>\n<td>Chopin <\/td><td>Concerto pour piano no 1<\/td><td>Cl1 AMA 19; Cl1 Sinfo 22<\/td>\n<\/tr>\n<tr>\n<td>Chopin <\/td><td>Concerto pour piano no 2<\/td><td>Cl1 Sinfo 19<\/td>\n<\/tr>\n<tr>\n<td>Chostakovitch<\/td><td>4 valses pour clarinette, fl\u00fbte et piano<\/td><td>CL 18<\/td>\n<\/tr>\n<tr>\n<td>Chostakovitch<\/td><td>Concerto pour piano no 2<\/td><td>Cl1 AMA 23<\/td>\n<\/tr>\n<tr>\n<td>Copland<\/td><td>Rodeo, Hoe-Down<\/td><td>CB OSR 22<\/td>\n<\/tr>\n<tr>\n<td>Debussy<\/td><td>Clair de lune (arr. Capelet)<\/td><td>Cl1 Sinfo 23<\/td>\n<\/tr>\n<tr>\n<td>Daetwyler<\/td><td>Concerto pour cor des alpes<\/td><td>Cl1 Sinfo 19<\/td>\n<\/tr>\n<tr>\n<td>Dvo\u0159\u00e1k<\/td><td>Chants bibliques<\/td><td>Cl2 OSG 98<\/td>\n<\/tr>\n<tr>\n<td>Dvo\u0159\u00e1k<\/td><td>Symphonie no 9<\/td><td>Cl2 OSG 95; Cl1 Unige 15<\/td>\n<\/tr>\n<tr>\n<td>Dvo\u0159\u00e1k<\/td><td>Concerto pour violoncelle <\/td><td>Cl1 Unige 14<\/td>\n<\/tr>\n<tr>\n<td>Dvo\u0159\u00e1k<\/td><td>Danses slaves no 2,7 (op 72), no 8 (op 46)<\/td><td>Cl2 OSG 97, Cl2 Unige 14, Cl1 Sinfo 23<\/td>\n<\/tr>\n<tr>\n<td>Dvo\u0159\u00e1k<\/td><td>L\u00e9gendes 5,6,7,9<\/td><td>Cl1 Unige 16<\/td>\n<\/tr>\n<tr>\n<td>Dvo\u0159\u00e1k<\/td><td>Suite &#8220;Am\u00e9ricaine&#8221;, 1er mvt<\/td><td>Cl1 OSR 22<\/td>\n<\/tr>\n<tr>\n<td>Elgar<\/td><td>Nimrod<\/td><td>Cl1 AMA 24<\/td>\n<\/tr>\n<tr>\n<td>Farrenc<\/td><td>Sextuor op 40<\/td><td>CL 22<\/td>\n<\/tr>\n<tr>\n<td>Faur\u00e9<\/td><td>Pavane<\/td><td>Cl2 OSG 94; Cl1 Sinfo 19<\/td>\n<\/tr>\n<tr>\n<td>Faur\u00e9<\/td><td>Apr\u00e8s un r\u00eave<\/td><td>Cl1 Sinfo 18<\/td>\n<\/tr>\n<tr>\n<td>Faur\u00e9<\/td><td>Cantique de Jean Racine<\/td><td>Cl1 Sinfo 19<\/td>\n<\/tr>\n<tr>\n<td>Franck<\/td><td>Symphonie<\/td><td>Cl2 OSG 94<\/td>\n<\/tr>\n<tr>\n<td>Holst<\/td><td>Les plan\u00e8tes<\/td><td>Cl1 OSPF 24<\/td>\n<\/tr>\n<tr>\n<td>M\u00fctzenberg<\/td><td>Exposition d&#8217;orchestre<\/td><td>Unige 95<\/td>\n<\/tr>\n<tr>\n<td>Gershwin<\/td><td>Un am\u00e9ricain \u00e0 Paris<\/td><td>Cl2 OSG 97<\/td>\n<\/tr>\n<tr>\n<td>Gershwin<\/td><td>Rhapsodie in blue<\/td><td>Cl2 OSG 97; Cl1 Unige 16<\/td>\n<\/tr>\n<tr>\n<td>Ginastera<\/td><td>Estancia<\/td><td>Cl1 Unige 14<\/td>\n<\/tr>\n<tr>\n<td>Glazounov<\/td><td>Chant du m\u00e9nestrel<\/td><td>Cl1 Sinfo 19<\/td>\n<\/tr>\n<tr>\n<td>Glinka<\/td><td>Trio path\u00e9tique<\/td><td>CL 19<\/td>\n<\/tr>\n<tr>\n<td>Gorecki<\/td><td>Symphonie no 3<\/td><td>Cl2 OSG 95<\/td>\n<\/tr>\n<tr>\n<td>Gounod<\/td><td>Faust<\/td><td>Cl1 OCV 17<\/td>\n<\/tr>\n<tr>\n<td>Grieg<\/td><td>Concerto pour piano<\/td><td>Cl2 OSG 95<\/td>\n<\/tr>\n<tr>\n<td>Grof\u00e9<\/td><td>Mississippi suite<\/td><td>CB Unige 16<\/td>\n<\/tr>\n<tr>\n<td>Haydn<\/td><td>Missa in tempore belli<\/td><td>Cl1 Sinfo 19<\/td>\n<\/tr>\n<tr>\n<td>Honegger<\/td><td>Pastorale d&#8217;e\u0301te\u0301<\/td><td>Cl1 Sinfo 20<\/td>\n<\/tr>\n<tr>\n<td>Honegger<\/td><td>Rapsodie<\/td><td>CL 18<\/td>\n<\/tr>\n<tr>\n<td>Muehleisen<\/td><td>Eat your vegetables<\/td><td>Unige 14<\/td>\n<\/tr>\n<tr>\n<td>Reicha<\/td><td>Quintette \u00e0 vent Op 88, no 2<\/td><td>CL 25<\/td>\n<\/tr>\n<tr>\n<td>Reinecke<\/td><td>Ballade pour fl\u00fbte<\/td><td>Cl1 AMA 24<\/td>\n<\/tr>\n<tr>\n<td>Rutter<\/td><td>Mass of the children<\/td><td>Cl2 Unige 15<\/td>\n<\/tr>\n<tr>\n<td>Kabalevski<\/td><td>Ouverture de Colas Breugnon<\/td><td>Cl2 OSG 98<\/td>\n<\/tr>\n<tr>\n<td>Lalo<\/td><td>Ouverture du Roi d&#8217;Ys<\/td><td>Cl2 OSG 97<\/td>\n<\/tr>\n<tr>\n<td>Lalo<\/td><td>Concerto pour violoncelle<\/td><td>Cl2 OSG 94<\/td>\n<\/tr>\n<tr>\n<td>Liadov<\/td><td>Huit chants populaires russes<\/td><td>Cl2 OSG 95<\/td>\n<\/tr>\n<tr>\n<td>Mahler<\/td><td>Kindertotenlieder<\/td><td>Cl2 OSG 96<\/td>\n<\/tr>\n<tr>\n<td>Marquez<\/td><td>Danz\u00f3n no 2<\/td><td>Cl2 Unige 15; Cl1 OSR 22<\/td>\n<\/tr>\n<tr>\n<td>Mendelssohn<\/td><td>Symphonie no 3 (\u00e9cossaise)<\/td><td>Cl2 OSG 96, Cl1 Sinfo 23<\/td>\n<\/tr>\n<tr>\n<td>Mendelssohn<\/td><td>Trois motets (op 39)<\/td><td>Cl1 AMA 18<\/td>\n<\/tr>\n<tr>\n<td>Mendelssohn<\/td><td>Ouverture &#8220;les H\u00e9brides&#8221;<\/td><td>Cl1 Sinfo 18<\/td>\n<\/tr>\n<tr>\n<td>Mendelssohn<\/td><td>Symphonie no 4 (italienne)<\/td><td>Cl1 Sinfo 19<\/td>\n<\/tr>\n<tr>\n<td>Mendelssohn<\/td><td>Concerto pour violon no 2<\/td><td>Cl1 Sinfo 24<\/td>\n<\/tr>\n<tr>\n<td>Messiaen<\/td><td>Ab\u00eeme des oiseaux<\/td><td>CL 24<\/td>\n<\/tr>\n<tr>\n<td>Milhaud<\/td><td>Suite op. 157b pour violon, clarinette et piano<\/td><td>CL 23<\/td>\n<\/tr>\n<tr>\n<td>Moussorgski<\/td><td>Tableaux d&#8217;une exposition<\/td><td>Cl2 OSG 98<\/td>\n<\/tr>\n<tr>\n<td>Moussorgski<\/td><td>Une nuit sur le mont chauve<\/td><td>Cl2 OSG 95<\/td>\n<\/tr>\n<tr>\n<td>Mozart<\/td><td>S\u00e9r\u00e9nade KV375<\/td><td>Cl1 Unige 96<\/td>\n<\/tr>\n<tr>\n<td>Mozart<\/td><td>S\u00e9r\u00e9nade KV388<\/td><td>Cl1 Sinfo 21<\/td>\n<\/tr>\n<tr>\n<td>Mozart<\/td><td>S\u00e9r\u00e9nade no 10 &#8220;Gran Partita&#8221;<\/td><td>CdB1 Unige 97; CdB2 22<\/td>\n<\/tr>\n<tr>\n<td>Mozart<\/td><td>Requiem<\/td><td>CdB2 Sinfo 17; Cl1 AMA 18<\/td>\n<\/tr>\n<tr>\n<td>Mozart<\/td><td>Cl\u00e9mence de Titus (ouverture)<\/td><td>Cl1 Sinfo 19<\/td>\n<\/tr>\n<tr>\n<td>Mozart<\/td><td>Idom\u00e9n\u00e9e (ouverture)<\/td><td>Cl1 Sinfo 22<\/td>\n<\/tr>\n<tr>\n<td>Mozart<\/td><td>Don Giovanni (ouverture)<\/td><td>Cl1 Sinfo 19\/24<\/td>\n<\/tr>\n<tr>\n<td>Mozart<\/td><td>Symphonie no 31<\/td><td>Cl1 Sinfo 20<\/td>\n<\/tr>\n<tr>\n<td>Mozart<\/td><td>Concerto pour piano no 24<\/td><td>Cl1 Sinfo 24<\/td>\n<\/tr>\n<tr>\n<td>Mozart<\/td><td>Trio Kegelstatt<\/td><td>CL 18<\/td>\n<\/tr>\n<tr>\n<td>Mozart<\/td><td>Quintette avec cordes KV581<\/td><td>CL 22\/25<\/td>\n<\/tr>\n<tr>\n<td>Mozart<\/td><td>Quintette pour piano et vents KV452 (3e mvt)<\/td><td>CL 23<\/td>\n<\/tr>\n<tr>\n<td>Offenbach<\/td><td>Le voyage dans la lune (ouverture)<\/td><td>Cl1 Sinfo 18<\/td>\n<\/tr>\n<tr>\n<td>Prokofiev<\/td><td>Lieutenant Kije<\/td><td>Cl2 OSG 98<\/td>\n<\/tr>\n<tr>\n<td>Rachmaninov<\/td><td>Concerto pour piano no 3<\/td><td>Cl2 OSG 95<\/td>\n<\/tr>\n<tr>\n<td>Raff<\/td><td>Cavatine<\/td><td>Cl1 Sinfo 19<\/td>\n<\/tr>\n<tr>\n<td>Raff<\/td><td>Abends<\/td><td>Cl1 Sinfo 19<\/td>\n<\/tr>\n<tr>\n<td>Ravel<\/td><td>Bol\u00e9ro<\/td><td>Cl2 OSG 96<\/td>\n<\/tr>\n<tr>\n<td>Ravel<\/td><td>Le tombeau de Couperin<\/td><td>Cl1 Sinfo 23<\/td>\n<\/tr>\n<tr>\n<td>Rimski-Korsakov<\/td><td>Sch\u00e9h\u00e9razade<\/td><td>Cl1 AMA 23<\/td>\n<\/tr>\n<tr>\n<td>Rodrigo<\/td><td>Concierto de Aranjuez<\/td><td>Cl1 Sinfo 25<\/td>\n<\/tr>\n<tr>\n<td>Rossini<\/td><td>Petite messe solennelle<\/td><td>NbN 18<\/td>\n<\/tr>\n<tr>\n<td>Rossini<\/td><td>L&#8217;italienne \u00e0 Alger (ouverture)<\/td><td>Cl1 Sinfo 19<\/td>\n<\/tr>\n<tr>\n<td>Rozsa<\/td><td>Le livre de la jungle<\/td><td>Cl1 Sinfo 18<\/td>\n<\/tr>\n<tr>\n<td>Saint-Sa\u00ebns<\/td><td>Morceau de concert pour harpe<\/td><td>Cl2 OSG 97<\/td>\n<\/tr>\n<tr>\n<td>Saint-Sa\u00ebns<\/td><td>Symphonie no 3<\/td><td>Cl2 OSG 97; CB Unige 17<\/td>\n<\/tr>\n<tr>\n<td>Saint-Sa\u00ebns<\/td><td>Concerto pour violon<\/td><td>Cl2 OSG 94<\/td>\n<\/tr>\n<tr>\n<td>Saint-Sa\u00ebns<\/td><td>Concerto pour piano no 2<\/td><td>Cl1 Sinfo 19<\/td>\n<\/tr>\n<tr>\n<td>Saint-Sa\u00ebns<\/td><td>Tarentelle<\/td><td>CL 18<\/td>\n<\/tr>\n<tr>\n<td>Schifrin<\/td><td>Mission: Impossible<\/td><td>CB OSR 22<\/td>\n<\/tr>\n<tr>\n<td>Schoeck<\/td><td>Concerto pour violon<\/td><td>Cl1 Sinfo 19<\/td>\n<\/tr>\n<tr>\n<td>Schubert<\/td><td>Rosamunde (extraits)<\/td><td>Cl2 OSG 94; Cl1 Sinfo 22<\/td>\n<\/tr>\n<tr>\n<td>Schubert<\/td><td>Symphonie no 3<\/td><td>Cl1 Sinfo 22<\/td>\n<\/tr>\n<tr>\n<td>Schubert<\/td><td>Symphonie no 4 (tragique)<\/td><td>Cl1 Sinfo 19<\/td>\n<\/tr>\n<tr>\n<td>Schubert<\/td><td>Symphonie no 8 (inachev\u00e9e)<\/td><td>Cl2 OSG 93<\/td>\n<\/tr>\n<tr>\n<td>Schubert<\/td><td>Der Hirt auf dem Felsen<\/td><td>CPM 19<\/td>\n<\/tr>\n<tr>\n<td>Schumann<\/td><td>Concerto pour violoncelle<\/td><td>Cl2 OSG 94; Cl1 Sinfo 17\/22<\/td>\n<\/tr>\n<tr>\n<td>Schumann<\/td><td>Symphonie no 3<\/td><td>Cl1 Sinfo 23<\/td>\n<\/tr>\n<tr>\n<td>Schumann<\/td><td>Symphonie no 4<\/td><td>Cl2 OSG 94; Cl1 Unige 15<\/td>\n<\/tr>\n<tr>\n<td>Schumann<\/td><td>Ouverture de Genoveva<\/td><td>Cl2 OSG 93<\/td>\n<\/tr>\n<tr>\n<td>Schumann<\/td><td>Ouverture, Scherzo et Finale<\/td><td>Cl1 Sinfo 25<\/td>\n<\/tr>\n<tr>\n<td>Schumann<\/td><td>Fantasiest\u00fccke<\/td><td>CL 17<\/td>\n<\/tr>\n<tr>\n<td>Schumann<\/td><td>3 Romanzen, Op. 94<\/td><td>CL 22<\/td>\n<\/tr>\n<tr>\n<td>Sibelius<\/td><td>Kuolema<\/td><td>Cl1 Sinfo 22<\/td>\n<\/tr>\n<tr>\n<td>Sibelius<\/td><td>Suite &#8220;le roi Christian II&#8221;<\/td><td>Cl1 Sinfo 22<\/td>\n<\/tr>\n<tr>\n<td>Sibelius<\/td><td>Concerto pour violon<\/td><td>Cl1 Sinfo 22<\/td>\n<\/tr>\n<tr>\n<td>Smetana<\/td><td>La Moldau<\/td><td>Cl2 Unige 14<\/td>\n<\/tr>\n<tr>\n<td>Spohr<\/td><td>Nonet<\/td><td>Unige 94<\/td>\n<\/tr>\n<tr>\n<td>Stravinsky<\/td><td>Tango<\/td><td>CB OSR 22<\/td>\n<\/tr>\n<tr>\n<td>Strauss R.<\/td><td>Concerto pour hautbois<\/td><td>Cl1 Sinfo 24<\/td>\n<\/tr>\n<tr>\n<td>Strauss J.<\/td><td>Ouverture &#8220;Die Fledermaus&#8221;<\/td><td>Cl1 Sinfo 23<\/td>\n<\/tr>\n<tr>\n<td>von Supp\u00e9<\/td><td>Dichter und Bauer (ouverture)<\/td><td>Cl2 OSG 97<\/td>\n<\/tr>\n<tr>\n<td>Tcha\u00efkovski<\/td><td>Casse-noisette<\/td><td>Cl2 OSG 96<\/td>\n<\/tr>\n<tr>\n<td>Tcha\u00efkovski<\/td><td>Concerto pour violon<\/td><td>Cl1 Sinfo 23<\/td>\n<\/tr>\n<tr>\n<td>Tcha\u00efkovski<\/td><td>Concerto pour piano no 1<\/td><td>Cl1 AMA 17<\/td>\n<\/tr>\n<tr>\n<td>Thuille<\/td><td>Sextuor (1er mvt)<\/td><td>CL 19<\/td>\n<\/tr>\n<tr>\n<td>Turchi-Floris<\/td><td>Les barricades myst\u00e9rieuses<\/td><td>Cl1 Sinfo 25<\/td>\n<\/tr>\n<tr>\n<td>Verdi<\/td><td>Ouverture &#8220;La Traviata&#8221;<\/td><td>Cl1 AMA 23<\/td>\n<\/tr>\n<tr>\n<td>Wagner<\/td><td>Ouverture et mort d&#8217;Iseult<\/td><td>Cl2 OSG 96<\/td>\n<\/tr>\n<tr>\n<td>Weber<\/td><td>Grand duo concertant (1er mvt)<\/td><td>CL 19<\/td>\n<\/tr>\n<tr>\n<td>Williams<\/td><td>Star Wars suite<\/td><td>CB Unige 16; CB OSR 22<\/td>\n<\/tr>\n<\/tbody>\n<\/table>\n","protected":false},"excerpt":{"rendered":"<p>R\u00e9pertoire Voici les oeuvres que j&#8217;ai d\u00e9j\u00e0 jou\u00e9es en public, avec le contexte: partie (si pertinent), orchestre\/ensemble et ann\u00e9e. Abbr\u00e9viations: Cl1\/2: 1\u00e8re\/2\u00e8me clarinette, CdB: cor de basset, CB: clarinette basse; Unige: Orchestre de l&#8217;Universit\u00e9 de Gen\u00e8ve, OSG: Orchestre Symphonique Genevois, AMA: Orchestre de l&#8217;AMAmusique, OCV: Orchestre de chambre de Versoix, Sinfo: La Sinfonietta de Gen\u00e8ve, [&hellip;]<\/p>\n","protected":false},"author":1,"featured_media":0,"parent":17,"menu_order":0,"comment_status":"closed","ping_status":"closed","template":"","meta":[],"_links":{"self":[{"href":"https:\/\/www.jacques-rougemont.ch\/index.php?rest_route=\/wp\/v2\/pages\/204"}],"collection":[{"href":"https:\/\/www.jacques-rougemont.ch\/index.php?rest_route=\/wp\/v2\/pages"}],"about":[{"href":"https:\/\/www.jacques-rougemont.ch\/index.php?rest_route=\/wp\/v2\/types\/page"}],"author":[{"embeddable":true,"href":"https:\/\/www.jacques-rougemont.ch\/index.php?rest_route=\/wp\/v2\/users\/1"}],"replies":[{"embeddable":true,"href":"https:\/\/www.jacques-rougemont.ch\/index.php?rest_route=%2Fwp%2Fv2%2Fcomments&post=204"}],"version-history":[{"count":45,"href":"https:\/\/www.jacques-rougemont.ch\/index.php?rest_route=\/wp\/v2\/pages\/204\/revisions"}],"predecessor-version":[{"id":757,"href":"https:\/\/www.jacques-rougemont.ch\/index.php?rest_route=\/wp\/v2\/pages\/204\/revisions\/757"}],"up":[{"embeddable":true,"href":"https:\/\/www.jacques-rougemont.ch\/index.php?rest_route=\/wp\/v2\/pages\/17"}],"wp:attachment":[{"href":"https:\/\/www.jacques-rougemont.ch\/index.php?rest_route=%2Fwp%2Fv2%2Fmedia&parent=204"}],"curies":[{"name":"wp","href":"https:\/\/api.w.org\/{rel}","templated":true}]}}