{"id":235,"date":"2020-03-23T10:06:57","date_gmt":"2020-03-23T09:06:57","guid":{"rendered":"http:\/\/www.jacques-rougemont.ch\/?page_id=235"},"modified":"2021-01-14T12:00:38","modified_gmt":"2021-01-14T11:00:38","slug":"index-fr","status":"publish","type":"page","link":"https:\/\/www.jacques-rougemont.ch\/?page_id=235","title":{"rendered":"index-fr"},"content":{"rendered":"\n<h1>Table des mati\u00e8res<\/h1>\n\n\n\n<ol><li><a href=\"http:\/\/www.jacques-rougemont.ch\/?p=114\">Introduction<\/a><\/li><li>Th\u00e9orie des gammes<ol><li><a href=\"http:\/\/www.jacques-rougemont.ch\/?p=196\">La s\u00e9rie harmonique<\/a><\/li><li>Les intervalles<ol><li><a href=\"http:\/\/www.jacques-rougemont.ch\/?p=194\">Les intervalles diatoniques<\/a><ol><li><a href=\"http:\/\/www.jacques-rougemont.ch\/?p=240\">M\u00e9moriser les intervalles<\/a><\/li><\/ol><\/li><li><a href=\"http:\/\/www.jacques-rougemont.ch\/?p=325\">Le ph\u00e9nom\u00e8ne des battements<\/a><ol><li> <a href=\"http:\/\/www.jacques-rougemont.ch\/?p=522\" data-type=\"post\" data-id=\"522\">D\u00e9compositions trigonom\u00e9triques<\/a><\/li><\/ol><\/li><li><a href=\"http:\/\/www.jacques-rougemont.ch\/?p=388\">Dissonance et consonance<\/a><\/li><\/ol><\/li><li><a href=\"http:\/\/www.jacques-rougemont.ch\/?p=410\">Les gammes et l&#8217;intonation<\/a><ol><li><a href=\"http:\/\/www.jacques-rougemont.ch\/?p=161\">La gamme chromatique<\/a><\/li><li><a href=\"http:\/\/www.jacques-rougemont.ch\/?p=460\">L&#8217;analyse des gammes<\/a><ol><li><a href=\"http:\/\/www.jacques-rougemont.ch\/?p=431\">L&#8217;harmonicit\u00e9 d&#8217;une gamme<\/a><\/li><li><a href=\"http:\/\/www.jacques-rougemont.ch\/?p=449\">La m\u00e9lodicit\u00e9 d&#8217;une gamme<\/a><\/li><\/ol><\/li><li><a href=\"http:\/\/www.jacques-rougemont.ch\/?p=474\">Le cycle des quintes<\/a><\/li><\/ol><\/li><\/ol><\/li><li><a href=\"http:\/\/www.jacques-rougemont.ch\/?p=487\" data-type=\"post\" data-id=\"487\">Bibliographie<\/a><\/li><\/ol>\n\n\n\n\n","protected":false},"excerpt":{"rendered":"<p>Table des mati\u00e8res Introduction Th\u00e9orie des gammes La s\u00e9rie harmonique Les intervalles Les intervalles diatoniques M\u00e9moriser les intervalles Le ph\u00e9nom\u00e8ne des battements D\u00e9compositions trigonom\u00e9triques Dissonance et consonance Les gammes et l&#8217;intonation La gamme chromatique L&#8217;analyse des gammes L&#8217;harmonicit\u00e9 d&#8217;une gamme La m\u00e9lodicit\u00e9 d&#8217;une gamme Le cycle des quintes Bibliographie<\/p>\n","protected":false},"author":1,"featured_media":0,"parent":54,"menu_order":0,"comment_status":"closed","ping_status":"closed","template":"","meta":[],"_links":{"self":[{"href":"https:\/\/www.jacques-rougemont.ch\/index.php?rest_route=\/wp\/v2\/pages\/235"}],"collection":[{"href":"https:\/\/www.jacques-rougemont.ch\/index.php?rest_route=\/wp\/v2\/pages"}],"about":[{"href":"https:\/\/www.jacques-rougemont.ch\/index.php?rest_route=\/wp\/v2\/types\/page"}],"author":[{"embeddable":true,"href":"https:\/\/www.jacques-rougemont.ch\/index.php?rest_route=\/wp\/v2\/users\/1"}],"replies":[{"embeddable":true,"href":"https:\/\/www.jacques-rougemont.ch\/index.php?rest_route=%2Fwp%2Fv2%2Fcomments&post=235"}],"version-history":[{"count":14,"href":"https:\/\/www.jacques-rougemont.ch\/index.php?rest_route=\/wp\/v2\/pages\/235\/revisions"}],"predecessor-version":[{"id":607,"href":"https:\/\/www.jacques-rougemont.ch\/index.php?rest_route=\/wp\/v2\/pages\/235\/revisions\/607"}],"up":[{"embeddable":true,"href":"https:\/\/www.jacques-rougemont.ch\/index.php?rest_route=\/wp\/v2\/pages\/54"}],"wp:attachment":[{"href":"https:\/\/www.jacques-rougemont.ch\/index.php?rest_route=%2Fwp%2Fv2%2Fmedia&parent=235"}],"curies":[{"name":"wp","href":"https:\/\/api.w.org\/{rel}","templated":true}]}}